{"id":2,"date":"2022-03-19T09:57:43","date_gmt":"2022-03-19T08:57:43","guid":{"rendered":"http:\/\/pro.www.moulin-cornille.com\/?page_id=2"},"modified":"2026-01-06T11:54:35","modified_gmt":"2026-01-06T10:54:35","slug":"accueil","status":"publish","type":"page","link":"https:\/\/pro.moulin-cornille.com\/en\/","title":{"rendered":"Accueil"},"content":{"rendered":"<div class=\"wpb-content-wrapper\"><div class=\"vc_row wpb_row vc_row-fluid\"><div class=\"wpb_column vc_column_container vc_col-sm-12\"><div class=\"vc_column-inner\"><div class=\"wpb_wrapper\"><div class=\"vc_row wpb_row vc_inner vc_row-fluid\"><div class=\"wpb_column vc_column_container vc_col-sm-12\"><div class=\"vc_column-inner\"><div class=\"wpb_wrapper\"><div class=\"vc_message_box vc_message_box-solid vc_message_box-rounded vc_color-juicy_pink\" ><div class=\"vc_message_box-icon\"><i class=\"fas fa-info-circle\"><\/i><\/div><p><strong>Notre site d\u00e9di\u00e9 aux professionnels est arr\u00eat\u00e9<\/strong> car la majorit\u00e9 de nos clients pr\u00e9f\u00e8rent d\u00e9sormais \u00e9changer directement avec nous par t\u00e9l\u00e9phone ou par mail.<br \/>D\u00e9sormais, pour passer vos commandes, nous vous invitons \u00e0 nous contacter au <strong>04 90 54 32 37 Choix 2<\/strong> ou \u00e0 par mail <strong>commercial@moulin-cornille.com<\/strong><br \/>Merci d&rsquo;avance.<\/p>\n<\/div><\/div><\/div><\/div><div class=\"wpb_column vc_column_container vc_col-sm-12\"><div class=\"vc_column-inner\"><div class=\"wpb_wrapper\">\n\t<div  class=\"wpb_single_image wpb_content_element vc_align_center\">\n\t\t\n\t\t<figure class=\"wpb_wrapper vc_figure\">\n\t\t\t<div class=\"vc_single_image-wrapper vc_box_circle  vc_box_border_grey\"><img decoding=\"async\" class=\"vc_single_image-img\" src=\"https:\/\/pro.moulin-cornille.com\/wp-content\/uploads\/sites\/2\/2025\/01\/tinywow_B0012053_74143112-scaled-768x768.jpg\" width=\"768\" height=\"768\" alt=\"tinywow_B0012053_74143112\" title=\"tinywow_B0012053_74143112\" loading=\"lazy\" \/><\/div>\n\t\t<\/figure>\n\t<\/div>\n\n\t\t<div id=\"wd-679b59f8b79f5\" class=\"title-wrapper wd-wpb set-mb-s reset-last-child  wd-rs-679b59f8b79f5 wd-title-color-default wd-title-style-default text-center  wd-underline-colored\">\n\t\t\t\n\t\t\t<div class=\"liner-continer\">\n\t\t\t\t<h4 class=\"woodmart-title-container title  wd-font-weight- wd-fontsize-l\" ><\/p>\n<h3 style=\"``text-align:\" center;``>BIENVENUE AU MOULIN CORNILLE<br \/>\nUN LIEU D\u2019HISTOIRE ET DE TRADITIONS<\/h4>\n\t\t\t\t\t\t\t<\/div>\n\t\t\t\n\t\t\t\n\t\t\t\n\t\t<\/div>\n\t\t\n\t\t\n\t<div class=\"wpb_text_column wpb_content_element\" >\n\t\t<div class=\"wpb_wrapper\">\n\t\t\t<p>La b\u00e2tisse vo\u00fbt\u00e9e du Moulin CORNILLE a \u00e9t\u00e9 construite en 1610. Depuis, le moulin \u00e9labore de l\u2019huile d\u2019olive. D\u2019abord propri\u00e9t\u00e9 priv\u00e9e du Seigneur de Manville, le moulin est devenu coop\u00e9ratif en 1924.<\/p>\n<p>C\u2019est ainsi que depuis le XVII\u00e8me si\u00e8cle, le Moulin Cornille recueille les olives de nombreux ol\u00e9iculteurs pour les transformer en une huile d&rsquo;olive unique au monde par sa particularit\u00e9 et sa m\u00e9thode de fabrication tr\u00e8s traditionnelle et ancestrale.<\/p>\n<p>Le Moulin CORNILLE est connu depuis toujours pour la qualit\u00e9 et la particularit\u00e9 de son huile avec son go\u00fbt qualifi\u00e9 aujourd\u2018hui d\u2019\u00abolives matur\u00e9es\u00bb ; ses ar\u00f4mes sont obtenus gr\u00e2ce \u00e0 une \u00e9tape de maturation des olives durant 3 \u00e0 8 jours dans nos greniers, et quelques secrets de fabrication.<\/p>\n<p>Pour pr\u00e9parer cet \u00e9lixir, le moulinier joue un r\u00f4le cl\u00e9 et, au Moulin Cornille, la recette se transmet de g\u00e9n\u00e9rations en g\u00e9n\u00e9rations. D\u2019octobre \u00e0 mi-d\u00e9cembre, le moulin tourne \u00e0 plein r\u00e9gime, et les ol\u00e9iculteurs-coop\u00e9rateurs y apportent leurs olives \u00e0 maturit\u00e9.<\/p>\n<p>Si pr\u00e8s de la moiti\u00e9 de la production chaque ann\u00e9e est vendue directement au magasin du moulin, une partie est export\u00e9e au Japon, aux \u00c9tats-Unis mais aussi ailleurs dans le monde. Nous travaillons aussi avec des \u00e9piceries fines et des restaurants.<\/p>\n\n\t\t<\/div>\n\t<\/div>\n<\/div><\/div><\/div><div class=\"wpb_column vc_column_container vc_col-sm-12\"><div class=\"vc_column-inner\"><div class=\"wpb_wrapper\"><\/div><\/div><\/div><\/div><\/div><\/div><\/div><div class=\"wpb_column vc_column_container vc_col-sm-12\"><div class=\"vc_column-inner\"><div class=\"wpb_wrapper\"><h1 style=\"font-size: 16px;text-align: left\" class=\"vc_custom_heading\" >La typicit\u00e9 des huiles d'olive de la vall\u00e9e des Baux de Provence<\/h1>\n\t<div class=\"wpb_text_column wpb_content_element\" >\n\t\t<div class=\"wpb_wrapper\">\n\t\t\t<p>La typicit\u00e9 des huiles d\u2019olive de la vall\u00e9e des Baux de Provence vient de l\u2019association de 5 vari\u00e9t\u00e9s d\u2019olive sur un terroir unique.<\/p>\n<p>Ces vari\u00e9t\u00e9s d\u2019olives sont :<br \/>\n\u2013 La Salonenque tire son nom de Salon-de-Provence. L\u2019arbre est sobre, r\u00e9sistant \u00e0 la s\u00e8cheresse, le port est retombant. Cette vari\u00e9t\u00e9 conf\u00e8re de l\u2019onctuosit\u00e9 \u00e0 l\u2019huile. Ce fruit est aussi utilis\u00e9 pour la confiserie : olives cass\u00e9es de la vall\u00e9e des Baux de Provence, parfum\u00e9es au fenouil.<br \/>\n\u2013 La Grossane est pulpeuse et de belle taille. Elle pr\u00e9sente des ar\u00f4mes de pamplemousse\u2026, son huile est douce. L\u2019arbre est vigoureux, sa mise \u00e0 fruit est longue, le port est \u00e9rig\u00e9. Les fruits vont \u00e0 la confiserie (olive noire de la vall\u00e9e des Baux de Provence), puis au moulin pour l\u2019huile. Les arbres de cette vari\u00e9t\u00e9 sont tr\u00e8s attach\u00e9s au terroir des Baux de Provence.<br \/>\n\u2013 La B\u00e9ruguette ou Aglandau est une vari\u00e9t\u00e9 d\u2019olive \u00e0 huile. L\u2019huile est d\u2019un vert caract\u00e9ristique et elle est ardente, ce qui lui procure des capacit\u00e9s de conservation prolong\u00e9es. Elle peut aussi \u00eatre utilis\u00e9e en confiserie.<br \/>\n\u2013 La Verdale des Bouches-du-Rh\u00f4ne est typique de ce d\u00e9partement, elle r\u00e9siste correctement au froid. Le fruit long, peut-\u00eatre utilis\u00e9 pour la confiserie, en olive verte ou pour la production d\u2019huile.<br \/>\n\u2013 La Picholine est petite et pointue. Pr\u00e9sente dans la vall\u00e9e des Baux de Provence, elle est plut\u00f4t typique du d\u00e9partement du Gard. Elle donne une huile au fruit\u00e9 intense avec un peu d\u2019amertume.<\/p>\n\n\t\t<\/div>\n\t<\/div>\n<\/div><\/div><\/div><div class=\"wpb_column vc_column_container vc_col-sm-12 wd-enabled-flex wd-rs-679b59608605e\"><div class=\"vc_column-inner\"><div class=\"wpb_wrapper\"><\/div><\/div><\/div><\/div><div class=\"vc_row wpb_row vc_row-fluid vc_row-o-equal-height vc_row-o-content-middle vc_row-flex\"><div class=\"wpb_column vc_column_container vc_col-sm-4\"><div class=\"vc_column-inner\"><div class=\"wpb_wrapper\"><div class=\"vc_row wpb_row vc_inner vc_row-fluid\"><div class=\"wpb_column vc_column_container vc_col-sm-12\"><div class=\"vc_column-inner\"><div class=\"wpb_wrapper\"><\/div><\/div><\/div><\/div><\/div><\/div><\/div><div class=\"wpb_column vc_column_container vc_col-sm-4\"><div class=\"vc_column-inner\"><div class=\"wpb_wrapper\"><div class=\"vc_empty_space\"   style=\"height: 32px\"><span class=\"vc_empty_space_inner\"><\/span><\/div><div class=\"vc_btn3-container vc_btn3-center vc_custom_1661683609818\" ><a class=\"vc_general vc_btn3 vc_btn3-size-lg vc_btn3-shape-square vc_btn3-style-flat vc_btn3-block vc_btn3-icon-left vc_btn3-color-black\" href=\"https:\/\/pro.moulin-cornille.com\/en\/demande-enregistrement\/\" title=\"\"><i class=\"vc_btn3-icon fas fa-user-plus\"><\/i> Ouvrir un compte Pro<\/a><\/div><div class=\"vc_btn3-container vc_btn3-center vc_custom_1657268428840\" ><a class=\"vc_general vc_btn3 vc_btn3-size-md vc_btn3-shape-square vc_btn3-style-flat vc_btn3-block vc_btn3-color-white\" href=\"https:\/\/pro.moulin-cornille.com\/en\/mon-compte\/\" title=\"\">J'ai d\u00e9j\u00e0 un compte<\/a><\/div><div class=\"vc_empty_space\"   style=\"height: 32px\"><span class=\"vc_empty_space_inner\"><\/span><\/div><\/div><\/div><\/div><div class=\"wpb_column vc_column_container vc_col-sm-4\"><div class=\"vc_column-inner\"><div class=\"wpb_wrapper\"><\/div><\/div><\/div><\/div>\n<\/div>","protected":false},"excerpt":{"rendered":"Notre site d\u00e9di\u00e9 aux professionnels est arr\u00eat\u00e9 car la majorit\u00e9 de nos clients pr\u00e9f\u00e8rent d\u00e9sormais \u00e9changer directement avec nous par","protected":false},"author":1,"featured_media":0,"parent":0,"menu_order":0,"comment_status":"closed","ping_status":"closed","template":"","meta":{"footnotes":""},"yoast_head":"<!-- This site is optimized with the Yoast SEO plugin v22.3 - https:\/\/yoast.com\/wordpress\/plugins\/seo\/ -->\n<title>Accueil - Moulin Cornille Pro<\/title>\n<meta name=\"robots\" content=\"index, follow, max-snippet:-1, max-image-preview:large, max-video-preview:-1\" \/>\n<link rel=\"canonical\" href=\"https:\/\/pro.moulin-cornille.com\/en\/\" \/>\n<meta property=\"og:locale\" content=\"en_GB\" \/>\n<meta property=\"og:type\" content=\"article\" \/>\n<meta property=\"og:title\" content=\"Accueil - Moulin Cornille Pro\" \/>\n<meta property=\"og:url\" content=\"https:\/\/pro.moulin-cornille.com\/en\/\" \/>\n<meta property=\"og:site_name\" content=\"Moulin Cornille Pro\" \/>\n<meta property=\"article:modified_time\" content=\"2026-01-06T10:54:35+00:00\" \/>\n<meta name=\"twitter:card\" content=\"summary_large_image\" \/>\n<meta name=\"twitter:label1\" content=\"Estimated reading time\" \/>\n\t<meta name=\"twitter:data1\" content=\"5 minutes\" \/>\n<script type=\"application\/ld+json\" class=\"yoast-schema-graph\">{\"@context\":\"https:\/\/schema.org\",\"@graph\":[{\"@type\":\"WebPage\",\"@id\":\"https:\/\/pro.moulin-cornille.com\/\",\"url\":\"https:\/\/pro.moulin-cornille.com\/\",\"name\":\"Accueil - Moulin Cornille Pro\",\"isPartOf\":{\"@id\":\"https:\/\/pro.moulin-cornille.com\/#website\"},\"datePublished\":\"2022-03-19T08:57:43+00:00\",\"dateModified\":\"2026-01-06T10:54:35+00:00\",\"inLanguage\":\"en-GB\",\"potentialAction\":[{\"@type\":\"ReadAction\",\"target\":[\"https:\/\/pro.moulin-cornille.com\/\"]}]},{\"@type\":\"WebSite\",\"@id\":\"https:\/\/pro.moulin-cornille.com\/#website\",\"url\":\"https:\/\/pro.moulin-cornille.com\/\",\"name\":\"Moulin Cornille Pro\",\"description\":\"Huile d&#039;Olive AOP des Baux de provence\",\"publisher\":{\"@id\":\"https:\/\/pro.moulin-cornille.com\/#organization\"},\"potentialAction\":[{\"@type\":\"SearchAction\",\"target\":{\"@type\":\"EntryPoint\",\"urlTemplate\":\"https:\/\/pro.moulin-cornille.com\/?s={search_term_string}\"},\"query-input\":\"required name=search_term_string\"}],\"inLanguage\":\"en-GB\"},{\"@type\":\"Organization\",\"@id\":\"https:\/\/pro.moulin-cornille.com\/#organization\",\"name\":\"Moulin Cornille Pro\",\"url\":\"https:\/\/pro.moulin-cornille.com\/\",\"logo\":{\"@type\":\"ImageObject\",\"inLanguage\":\"en-GB\",\"@id\":\"https:\/\/pro.moulin-cornille.com\/#\/schema\/logo\/image\/\",\"url\":\"https:\/\/pro.moulin-cornille.com\/wp-content\/uploads\/sites\/2\/2022\/07\/logo-jm-cornille.png\",\"contentUrl\":\"https:\/\/pro.moulin-cornille.com\/wp-content\/uploads\/sites\/2\/2022\/07\/logo-jm-cornille.png\",\"width\":400,\"height\":335,\"caption\":\"Moulin Cornille Pro\"},\"image\":{\"@id\":\"https:\/\/pro.moulin-cornille.com\/#\/schema\/logo\/image\/\"}}]}<\/script>\n<!-- \/ Yoast SEO plugin. -->","yoast_head_json":{"title":"Accueil - Moulin Cornille Pro","robots":{"index":"index","follow":"follow","max-snippet":"max-snippet:-1","max-image-preview":"max-image-preview:large","max-video-preview":"max-video-preview:-1"},"canonical":"https:\/\/pro.moulin-cornille.com\/en\/","og_locale":"en_GB","og_type":"article","og_title":"Accueil - Moulin Cornille Pro","og_url":"https:\/\/pro.moulin-cornille.com\/en\/","og_site_name":"Moulin Cornille Pro","article_modified_time":"2026-01-06T10:54:35+00:00","twitter_card":"summary_large_image","twitter_misc":{"Estimated reading time":"5 minutes"},"schema":{"@context":"https:\/\/schema.org","@graph":[{"@type":"WebPage","@id":"https:\/\/pro.moulin-cornille.com\/","url":"https:\/\/pro.moulin-cornille.com\/","name":"Accueil - Moulin Cornille Pro","isPartOf":{"@id":"https:\/\/pro.moulin-cornille.com\/#website"},"datePublished":"2022-03-19T08:57:43+00:00","dateModified":"2026-01-06T10:54:35+00:00","inLanguage":"en-GB","potentialAction":[{"@type":"ReadAction","target":["https:\/\/pro.moulin-cornille.com\/"]}]},{"@type":"WebSite","@id":"https:\/\/pro.moulin-cornille.com\/#website","url":"https:\/\/pro.moulin-cornille.com\/","name":"Moulin Cornille Pro","description":"Huile d&#039;Olive AOP des Baux de provence","publisher":{"@id":"https:\/\/pro.moulin-cornille.com\/#organization"},"potentialAction":[{"@type":"SearchAction","target":{"@type":"EntryPoint","urlTemplate":"https:\/\/pro.moulin-cornille.com\/?s={search_term_string}"},"query-input":"required name=search_term_string"}],"inLanguage":"en-GB"},{"@type":"Organization","@id":"https:\/\/pro.moulin-cornille.com\/#organization","name":"Moulin Cornille Pro","url":"https:\/\/pro.moulin-cornille.com\/","logo":{"@type":"ImageObject","inLanguage":"en-GB","@id":"https:\/\/pro.moulin-cornille.com\/#\/schema\/logo\/image\/","url":"https:\/\/pro.moulin-cornille.com\/wp-content\/uploads\/sites\/2\/2022\/07\/logo-jm-cornille.png","contentUrl":"https:\/\/pro.moulin-cornille.com\/wp-content\/uploads\/sites\/2\/2022\/07\/logo-jm-cornille.png","width":400,"height":335,"caption":"Moulin Cornille Pro"},"image":{"@id":"https:\/\/pro.moulin-cornille.com\/#\/schema\/logo\/image\/"}}]}},"_links":{"self":[{"href":"https:\/\/pro.moulin-cornille.com\/en\/wp-json\/wp\/v2\/pages\/2"}],"collection":[{"href":"https:\/\/pro.moulin-cornille.com\/en\/wp-json\/wp\/v2\/pages"}],"about":[{"href":"https:\/\/pro.moulin-cornille.com\/en\/wp-json\/wp\/v2\/types\/page"}],"author":[{"embeddable":true,"href":"https:\/\/pro.moulin-cornille.com\/en\/wp-json\/wp\/v2\/users\/1"}],"replies":[{"embeddable":true,"href":"https:\/\/pro.moulin-cornille.com\/en\/wp-json\/wp\/v2\/comments?post=2"}],"version-history":[{"count":18,"href":"https:\/\/pro.moulin-cornille.com\/en\/wp-json\/wp\/v2\/pages\/2\/revisions"}],"predecessor-version":[{"id":1304,"href":"https:\/\/pro.moulin-cornille.com\/en\/wp-json\/wp\/v2\/pages\/2\/revisions\/1304"}],"wp:attachment":[{"href":"https:\/\/pro.moulin-cornille.com\/en\/wp-json\/wp\/v2\/media?parent=2"}],"curies":[{"name":"wp","href":"https:\/\/api.w.org\/{rel}","templated":true}]}}